{"id":2990,"date":"2023-07-11T11:10:34","date_gmt":"2023-07-11T11:10:34","guid":{"rendered":"https:\/\/horizon.finance\/politik-for-beskyttelse-af-personlige-oplysninger-dine-datas-sikkerhed-er-vores-prioritet\/"},"modified":"2024-08-21T11:02:46","modified_gmt":"2024-08-21T11:02:46","slug":"politik-for-beskyttelse-af-personlige-oplysninger-dine-datas-sikkerhed-er-vores-prioritet","status":"publish","type":"page","link":"https:\/\/horizon.finance\/da\/politik-for-beskyttelse-af-personlige-oplysninger-dine-datas-sikkerhed-er-vores-prioritet\/","title":{"rendered":"Privatlivspolitik: Dine datas sikkerhed er vores prioritet"},"content":{"rendered":"<div class=\"fusion-fullwidth fullwidth-box fusion-builder-row-1 fusion-flex-container nonhundred-percent-fullwidth non-hundred-percent-height-scrolling\" style=\"--awb-border-radius-top-left:0px;--awb-border-radius-top-right:0px;--awb-border-radius-bottom-right:0px;--awb-border-radius-bottom-left:0px;--awb-flex-wrap:wrap;\" ><div class=\"fusion-builder-row fusion-row fusion-flex-align-items-flex-start fusion-flex-content-wrap\" style=\"max-width:1206.4px;margin-left: calc(-4% \/ 2 );margin-right: calc(-4% \/ 2 );\"><div class=\"fusion-layout-column fusion_builder_column fusion-builder-column-0 fusion_builder_column_1_1 1_1 fusion-flex-column\" style=\"--awb-bg-size:cover;--awb-width-large:100%;--awb-margin-top-large:0px;--awb-spacing-right-large:1.92%;--awb-margin-bottom-large:0px;--awb-spacing-left-large:1.92%;--awb-width-medium:100%;--awb-spacing-right-medium:1.92%;--awb-spacing-left-medium:1.92%;--awb-width-small:100%;--awb-spacing-right-small:1.92%;--awb-spacing-left-small:1.92%;\"><div class=\"fusion-column-wrapper fusion-flex-justify-content-flex-start fusion-content-layout-column\"><div class=\"fusion-title title fusion-title-1 fusion-sep-none fusion-title-text fusion-title-size-one\" style=\"--awb-text-color:var(--awb-color8);--awb-margin-top-small:0px;--awb-margin-right-small:0px;--awb-margin-bottom-small:20px;--awb-margin-left-small:0px;\"><h1 class=\"fusion-title-heading title-heading-left fusion-responsive-typography-calculated\" style=\"margin:0;--fontSize:60;line-height:var(--awb-typography1-line-height);\">Politik for beskyttelse af personlige oplysninger: Dine datas sikkerhed er vores prioritet<\/h1><\/div><div class=\"fusion-text fusion-text-1\" style=\"--awb-text-color:var(--awb-color8);\"><p><strong>Politik for beskyttelse af personlige oplysninger<\/strong> 1 Introduktion<\/p>\n<ul>\n<li>Denne fortrolighedserkl\u00e6ring forklarer, hvordan MarketLyze ApS (&#8220;vi&#8221;, &#8220;os&#8221;, &#8220;vores&#8221;) behandler personoplysninger i forskellige situationer.<br \/>\nVi giver dig disse oplysninger, da vi er forpligtet til at g\u00f8re det i henhold til den generelle databeskyttelsesforordning (&#8220;GDPR&#8221;).<\/li>\n<li>Nedenfor finder du beskrivelser af de forskellige situationer, hvor vi behandler personoplysninger:<\/li>\n<\/ul>\n<p>2 Controller<\/p>\n<ul>\n<li>MarketLyze ApS fungerer som dataansvarlig for behandlingen af personoplysninger i forbindelse med nedenst\u00e5ende form\u00e5l.<\/li>\n<li>Du kan finde vores kontaktoplysninger i afsnit 8 i privatlivspolitikken.<\/li>\n<\/ul>\n<p>3 Beskrivelse af behandlingen<\/p>\n<ul>\n<li>Nedenfor finder du de specifikke form\u00e5l med vores databehandling, de kategorier af personoplysninger, som vi behandler, det juridiske grundlag for en s\u00e5dan behandling og de opbevaringsperioder, som vi har besluttet (i specifikke situationer kan vi afvige fra vores generelle opbevaringsperioder i tilf\u00e6lde af f.eks. klager, indsigelser eller andre specifikke situationer).<\/li>\n<li>Forarbejdningsaktiviteter<\/li>\n<\/ul>\n<table width=\"860\">\n<tbody>\n<tr>\n<td width=\"215\">Form\u00e5l<\/td>\n<td width=\"215\">Kategorier<\/td>\n<td width=\"215\">Juridisk grundlag<\/td>\n<td width=\"215\">Opbevaring<\/td>\n<\/tr>\n<tr>\n<td width=\"215\">Oprettelse og administration af brugerkonti p\u00e5 hjemmesiden<\/td>\n<td width=\"215\">Med henblik p\u00e5 at oprette og administrere brugerkonti p\u00e5 webstedet behandles f\u00f8lgende kategorier af personoplysninger: navn, e-mail, telefonnummer, f\u00f8dselsdato og krypteret adgangskode.<\/td>\n<td width=\"215\">GDPR art. 6, stk. 1, litra f, da vi forf\u00f8lger vores legitime interesse i at administrere vores brugerkontosystem.<\/td>\n<td width=\"215\">Brugerkontooplysninger gemmes i op til 2 \u00e5r efter opsigelsen af et abonnement.<\/td>\n<\/tr>\n<tr>\n<td width=\"215\">Betaling og abonnementsadministration<\/td>\n<td width=\"215\">Med henblik p\u00e5 betaling og abonnementsadministration behandles f\u00f8lgende kategorier af persondata: navn, e-mail, telefonnummer, betalingskortoplysninger, faktureringsoplysninger og k\u00f8bshistorik.<\/td>\n<td width=\"215\">GDPR art. 6, stk. 1, litra b, da det er n\u00f8dvendigt for at kunne opfylde den aftale, der er indg\u00e5et om k\u00f8b og levering af tjenesterne.<\/td>\n<td width=\"215\">Oplysninger om kunder, der indg\u00e5r i vores regnskab, opbevares generelt i 5 \u00e5r fra udgangen af det regnskabs\u00e5r, som oplysningerne vedr\u00f8rer.<\/td>\n<\/tr>\n<tr>\n<td width=\"215\">Nyhedsbreve<\/td>\n<td width=\"215\">Med henblik p\u00e5 at sende nyhedsbreve til personer, der har tilmeldt sig, behandler vi f\u00f8lgende kategorier af personoplysninger: Navn og e-mail.<\/td>\n<td width=\"215\">GDPR art. 6, stk. 1, litra a, da vi indhenter dit samtykke til at modtage nyhedsbreve i henhold til markedsf\u00f8ringsloven.<\/td>\n<td width=\"215\">Personoplysninger behandles, s\u00e5 l\u00e6nge samtykket er i brug.<br \/>\nOplysninger om navn og e-mail gemmes i op til 2 \u00e5r efter seneste udsendelse af nyhedsbrev med henblik p\u00e5 at dokumentere overholdelse af markedsf\u00f8ringsloven.<\/td>\n<\/tr>\n<tr>\n<td width=\"215\">Support og andre anmodninger<\/td>\n<td width=\"215\">Med henblik p\u00e5 at svare p\u00e5 personer, der sender supportsp\u00f8rgsm\u00e5l eller andre anmodninger, behandler vi f\u00f8lgende kategorier af personoplysninger: Kontaktoplysninger, herunder navn, e-mail og telefonnummer.<br \/>\nEventuelt leverand\u00f8rforhold og relevante oplysninger i forbindelse med anmodningen.<\/td>\n<td width=\"215\">GDPR art. 6, stk. 1, litra f, da vi bruger vores legitime interesse i at h\u00e5ndtere anmodninger osv.<\/td>\n<td width=\"215\">Support- og andre anmodninger gemmes i op til 5 \u00e5r efter, at anmodningen er blevet behandlet.<\/td>\n<\/tr>\n<tr>\n<td width=\"215\">Optimering af platformen, herunder optimering af design, brugervenlighed, effektiviteten af vores platform samt annoncering og markedsf\u00f8ring (cookies)<\/td>\n<td width=\"215\">Med henblik p\u00e5 at optimere vores tjenester behandler vi f\u00f8lgende kategorier af personoplysninger fra personer, der har accepteret statistik- og\/eller markedsf\u00f8ringscookies:<\/td>\n<td width=\"215\">I henhold til cookie-reglerne kan vi kun placere statistik- og\/eller markedsf\u00f8ringscookies, hvis vi har f\u00e5et dit samtykke.<br \/>\nVi indhenter samtidig samtykke til at behandle de ovenn\u00e6vnte personoplysninger i overensstemmelse med GDPR artikel 6, stk. 1, litra a.<\/td>\n<td width=\"215\">De oplysninger, der indsamles om din brug af vores platform, slettes i overensstemmelse med vores <u>cookiepolitik<\/u>.<\/td>\n<\/tr>\n<tr>\n<td width=\"215\">Markedsf\u00f8ring gennem digitale annoncer (cookies)<\/td>\n<td width=\"215\">Med henblik p\u00e5 at spore effektiviteten af vores digitale markedsf\u00f8ringsindsats behandler vi f\u00f8lgende kategorier af personoplysninger, n\u00e5r du accepterer markedsf\u00f8ringscookies og klikker p\u00e5 vores annoncer p\u00e5 tv\u00e6rs af websteder:<\/td>\n<td width=\"215\">I henhold til cookie-reglerne kan vi kun placere markedsf\u00f8ringscookies, hvis vi har f\u00e5et dit samtykke.<br \/>\nVi indhenter samtidig samtykke til at behandle de ovenn\u00e6vnte personoplysninger i overensstemmelse med GDPR artikel 6, stk. 1, litra a.<\/td>\n<td width=\"215\">Oplysningerne behandles, s\u00e5 l\u00e6nge samtykket er g\u00e6ldende og i overensstemmelse med vores <u>cookiepolitik<\/u>.<\/td>\n<\/tr>\n<\/tbody>\n<\/table>\n<p>4 Kategorier af modtagere<\/p>\n<ul>\n<li>Vi videregiver dine personoplysninger til vores relevante datterselskaber og forretningspartnere, herunder eksterne r\u00e5dgivere.<\/li>\n<li>Vi stiller ogs\u00e5 dine personoplysninger til r\u00e5dighed for vores databehandlere, som f.eks. hoster, udvikler og underst\u00f8tter vores tjenester.<\/li>\n<\/ul>\n<p>5 Overf\u00f8rsel til tredjelande<\/p>\n<ul>\n<li>Vi overf\u00f8rer dine personoplysninger til vores databehandlere i &#8220;tredjelande&#8221; uden for Den Europ\u00e6iske Union.<\/li>\n<li>Hvis dataoverf\u00f8rslerne ikke kan ske p\u00e5 det juridiske grundlag af en afg\u00f8relse om tilstr\u00e6kkelighed fra Europa-Kommissionen, er det juridiske grundlag for vores overf\u00f8rsel Kommissionens afg\u00f8relse af 4. juni 2021 om standardkontraktbestemmelser for overf\u00f8rsel af personoplysninger til tredjelande i henhold til Europa-Parlamentets og R\u00e5dets forordning (EU) 2016\/679.<\/li>\n<li>For databehandlere i USA, der deltager i EU-US Data Privacy Framework, vil overf\u00f8rslerne ske p\u00e5 det juridiske grundlag af Europa-Kommissionens beslutning om tilstr\u00e6kkelighed.<\/li>\n<li>Vi bruger i \u00f8jeblikket f\u00f8lgende databehandlere, som behandler personoplysninger uden for EU:<\/li>\n<\/ul>\n<ul>\n<li>Supabase\n<ul>\n<li>Hvis du \u00f8nsker yderligere oplysninger om vores overf\u00f8rsel af personoplysninger til tredjelande, herunder en kopi af de ovenn\u00e6vnte standardkontraktbestemmelser, kan du anmode om s\u00e5danne yderligere oplysninger ved at kontakte os.<br \/>\nFind vores kontaktoplysninger i afsnit 8.<\/li>\n<\/ul>\n<\/li>\n<\/ul>\n<p>6 Dine rettigheder<\/p>\n<ul>\n<li>Som udgangspunkt og afh\u00e6ngigt af den konkrete situation har du f\u00f8lgende rettigheder:<\/li>\n<\/ul>\n<ul>\n<li><em>Ret til at tr\u00e6kke samtykke tilbage:<\/em> Hvis du har givet dit samtykke til vores behandling af dine personoplysninger, har du til enhver tid ret til at tr\u00e6kke dit samtykke tilbage.<br \/>\nDu kan tr\u00e6kke dit samtykke tilbage ved at kontakte os (se kontaktoplysninger i afsnit 8 nedenfor).<br \/>\nHvis du tr\u00e6kker dit samtykke tilbage, vil tilbagetr\u00e6kningen ikke p\u00e5virke lovligheden af den behandling, der allerede er foretaget p\u00e5 baggrund af dit samtykke.<\/li>\n<li><em>Ret til adgang<\/em>: Du har ret til at f\u00e5 bekr\u00e6ftet, om indsamling eller behandling af dine personoplysninger har fundet sted, og hvis det er tilf\u00e6ldet, har du ret til at anmode om en kopi af dine personoplysninger i et digitalt format.<\/li>\n<li><em>Ret til berigtigelse<\/em>: Du har ret til at kr\u00e6ve, at vi retter eventuelle un\u00f8jagtige personoplysninger, og at vi supplerer ufuldst\u00e6ndige personoplysninger.<\/li>\n<li><em>Ret til sletning<\/em>: Under visse omst\u00e6ndigheder har du ret til at anmode om, at vi sletter personoplysninger om dig, f.eks. hvis de ikke l\u00e6ngere er n\u00f8dvendige til de form\u00e5l, hvormed de oprindeligt blev indsamlet.<\/li>\n<li><em>Ret til at begr\u00e6nse behandlingen<\/em>: Under visse omst\u00e6ndigheder har du ret til at anmode om, at vi begr\u00e6nser behandlingen af dine personoplysninger, f.eks. hvis du mener, at personoplysningerne ikke er korrekte eller lovligt behandlet.<\/li>\n<li><em>Ret til at g\u00f8re indsigelse mod behandlingen<\/em>: Under visse omst\u00e6ndigheder har du ret til at anmode om, at vi holder op med at behandle dine personoplysninger.<\/li>\n<li><em>Ret til dataportabilitet<\/em>: Under visse omst\u00e6ndigheder har du ret til at modtage de personoplysninger, du har givet os, i et struktureret, almindeligt anvendt og maskinl\u00e6sbart format og ret til at f\u00e5 os til at overf\u00f8re oplysningerne til en anden enhed, hvor det er teknisk muligt.<\/li>\n<\/ul>\n<ul>\n<li>Du kan l\u00e6se mere om dine rettigheder i Datatilsynets vejledning om de registreredes rettigheder, som findes p\u00e5 <a href=\"https:\/\/www.datatilsynet.dk\/borger\/hvad-er-dine-rettigheder\">https:\/\/www.datatilsynet.dk\/borger\/hvad-er-dine-rettigheder<\/a> (p\u00e5 dansk) og p\u00e5 <a href=\"https:\/\/www.datatilsynet.dk\/english\/fundamental-concepts-\/-what-are-your-obligations\/rights-of-the-data-subjects\">https:\/\/www.datatilsynet.dk\/english\/fundamental-concepts-\/-what-are-your-obligations\/rights-of-the-data-subjects<\/a> (p\u00e5 engelsk).<\/li>\n<li>Kontakt os venligst, hvis du \u00f8nsker at ud\u00f8ve nogen af dine rettigheder.<br \/>\nVores <a href=\"#bookmark=id.30j0zll\">oplysninger<\/a> er angivet i afsnit 8 i privatlivspolitikken.<\/li>\n<\/ul>\n<p>7 Klage til en tilsynsmyndighed<\/p>\n<ul>\n<li>Hvis du \u00f8nsker at indgive en klage til en tilsynsmyndighed over vores behandling af dine personoplysninger, kan du g\u00f8re det ved at kontakte <a href=\"http:\/\/www.datatilsynet.dk\">Datatilsynet<\/a> via deres hjemmeside, <a href=\"http:\/\/www.datatilsynet.dk\">datatilsynet.dk.<\/a><\/li>\n<\/ul>\n<p>8 Kontaktoplysninger<\/p>\n<ul>\n<li>Hvis du har sp\u00f8rgsm\u00e5l om, hvordan vi behandler persondata, kan du kontakte os her:<\/li>\n<\/ul>\n<p>MarketLyze ApS CVR-nr 44203391 Digevej 42 2300 K\u00f8benhavn S GDPR@hortizon.finance Vi snakkede om i founder gruppen af den her nok ikke er relevant i starten.<br \/>\nBem\u00e6rk til Horizon: Henvis til cookiepolitik.<br \/>\nBem\u00e6rk til Horizon: I skal tilpasse hvilke informationer der indsamles n\u00e5r folk klikker p\u00e5 jeres annoncer p\u00e5 andre websider\/tjenester.<br \/>\nDet er m\u00e5ske nemmest at kigge p\u00e5, n\u00e5r cookiebot har analyseret jeres cookies.<br \/>\nNote til Horizon: Henvis til cookiepolitik. <\/p>\n<\/div><\/div><\/div><\/div><\/div>\n","protected":false},"excerpt":{"rendered":"","protected":false},"author":1,"featured_media":0,"parent":0,"menu_order":0,"comment_status":"closed","ping_status":"closed","template":"100-width.php","meta":{"_monsterinsights_skip_tracking":false,"_monsterinsights_sitenote_active":false,"_monsterinsights_sitenote_note":"","_monsterinsights_sitenote_category":0,"footnotes":""},"class_list":["post-2990","page","type-page","status-publish","hentry"],"aioseo_notices":[],"_links":{"self":[{"href":"https:\/\/horizon.finance\/da\/wp-json\/wp\/v2\/pages\/2990","targetHints":{"allow":["GET"]}}],"collection":[{"href":"https:\/\/horizon.finance\/da\/wp-json\/wp\/v2\/pages"}],"about":[{"href":"https:\/\/horizon.finance\/da\/wp-json\/wp\/v2\/types\/page"}],"author":[{"embeddable":true,"href":"https:\/\/horizon.finance\/da\/wp-json\/wp\/v2\/users\/1"}],"replies":[{"embeddable":true,"href":"https:\/\/horizon.finance\/da\/wp-json\/wp\/v2\/comments?post=2990"}],"version-history":[{"count":4,"href":"https:\/\/horizon.finance\/da\/wp-json\/wp\/v2\/pages\/2990\/revisions"}],"predecessor-version":[{"id":3214,"href":"https:\/\/horizon.finance\/da\/wp-json\/wp\/v2\/pages\/2990\/revisions\/3214"}],"wp:attachment":[{"href":"https:\/\/horizon.finance\/da\/wp-json\/wp\/v2\/media?parent=2990"}],"curies":[{"name":"wp","href":"https:\/\/api.w.org\/{rel}","templated":true}]}}