{"id":3723,"date":"2023-10-30T09:05:18","date_gmt":"2023-10-30T09:05:18","guid":{"rendered":"https:\/\/horizon.finance\/policy-for-kakor-forbattra-din-webbplatsupplevelse-pa-ett-ansvarsfullt-satt\/"},"modified":"2025-02-12T10:31:01","modified_gmt":"2025-02-12T10:31:01","slug":"policy-for-kakor-forbattra-din-webbplatsupplevelse-pa-ett-ansvarsfullt-satt","status":"publish","type":"page","link":"https:\/\/horizon.finance\/sv\/policy-for-kakor-forbattra-din-webbplatsupplevelse-pa-ett-ansvarsfullt-satt\/","title":{"rendered":"Policy f\u00f6r kakor: F\u00f6rb\u00e4ttra din webbplatsupplevelse p\u00e5 ett ansvarsfullt s\u00e4tt"},"content":{"rendered":"<div class=\"fusion-fullwidth fullwidth-box fusion-builder-row-1 fusion-flex-container nonhundred-percent-fullwidth non-hundred-percent-height-scrolling\" style=\"--awb-border-radius-top-left:0px;--awb-border-radius-top-right:0px;--awb-border-radius-bottom-right:0px;--awb-border-radius-bottom-left:0px;--awb-flex-wrap:wrap;\" ><div class=\"fusion-builder-row fusion-row fusion-flex-align-items-flex-start fusion-flex-content-wrap\" style=\"max-width:1206.4px;margin-left: calc(-4% \/ 2 );margin-right: calc(-4% \/ 2 );\"><div class=\"fusion-layout-column fusion_builder_column fusion-builder-column-0 fusion_builder_column_1_1 1_1 fusion-flex-column\" style=\"--awb-bg-size:cover;--awb-width-large:100%;--awb-margin-top-large:0px;--awb-spacing-right-large:1.92%;--awb-margin-bottom-large:0px;--awb-spacing-left-large:1.92%;--awb-width-medium:100%;--awb-spacing-right-medium:1.92%;--awb-spacing-left-medium:1.92%;--awb-width-small:100%;--awb-spacing-right-small:1.92%;--awb-spacing-left-small:1.92%;\"><div class=\"fusion-column-wrapper fusion-flex-justify-content-flex-start fusion-content-layout-column\"><div class=\"fusion-title title fusion-title-1 fusion-sep-none fusion-title-text fusion-title-size-one\" style=\"--awb-text-color:var(--awb-color8);--awb-margin-top-small:0px;--awb-margin-right-small:0px;--awb-margin-bottom-small:20px;--awb-margin-left-small:0px;\"><h1 class=\"fusion-title-heading title-heading-left fusion-responsive-typography-calculated\" style=\"margin:0;--fontSize:60;line-height:var(--awb-typography1-line-height);\">Policy f\u00f6r kakor: F\u00f6rb\u00e4ttra din webbplatsupplevelse p\u00e5 ett ansvarsfullt s\u00e4tt<\/h1><\/div><a class=\"fusion-modal-text-link\" href=\"#\"><script id=\"CookieDeclaration\" src=\"https:\/\/consent.cookiebot.com\/320d89b6-44d1-4485-a8e0-3114d8684ce4\/cd.js\" type=\"text\/javascript\" async=\"\"><\/script><\/a><\/div><\/div><\/div><\/div>\n","protected":false},"excerpt":{"rendered":"","protected":false},"author":1,"featured_media":0,"parent":0,"menu_order":0,"comment_status":"closed","ping_status":"open","template":"","meta":{"_monsterinsights_skip_tracking":false,"_monsterinsights_sitenote_active":false,"_monsterinsights_sitenote_note":"","_monsterinsights_sitenote_category":0,"footnotes":""},"class_list":["post-3723","page","type-page","status-publish","hentry"],"aioseo_notices":[],"_links":{"self":[{"href":"https:\/\/horizon.finance\/sv\/wp-json\/wp\/v2\/pages\/3723","targetHints":{"allow":["GET"]}}],"collection":[{"href":"https:\/\/horizon.finance\/sv\/wp-json\/wp\/v2\/pages"}],"about":[{"href":"https:\/\/horizon.finance\/sv\/wp-json\/wp\/v2\/types\/page"}],"author":[{"embeddable":true,"href":"https:\/\/horizon.finance\/sv\/wp-json\/wp\/v2\/users\/1"}],"replies":[{"embeddable":true,"href":"https:\/\/horizon.finance\/sv\/wp-json\/wp\/v2\/comments?post=3723"}],"version-history":[{"count":2,"href":"https:\/\/horizon.finance\/sv\/wp-json\/wp\/v2\/pages\/3723\/revisions"}],"predecessor-version":[{"id":3732,"href":"https:\/\/horizon.finance\/sv\/wp-json\/wp\/v2\/pages\/3723\/revisions\/3732"}],"wp:attachment":[{"href":"https:\/\/horizon.finance\/sv\/wp-json\/wp\/v2\/media?parent=3723"}],"curies":[{"name":"wp","href":"https:\/\/api.w.org\/{rel}","templated":true}]}}