{"id":3799,"date":"2023-07-11T11:10:34","date_gmt":"2023-07-11T11:10:34","guid":{"rendered":"https:\/\/horizon.finance\/integritetspolicy-sakerheten-for-dina-uppgifter-ar-var-prioritet\/"},"modified":"2025-02-12T10:31:21","modified_gmt":"2025-02-12T10:31:21","slug":"integritetspolicy-sakerheten-for-dina-uppgifter-ar-var-prioritet","status":"publish","type":"page","link":"https:\/\/horizon.finance\/sv\/integritetspolicy-sakerheten-for-dina-uppgifter-ar-var-prioritet\/","title":{"rendered":"Integritetspolicy: S\u00e4kerheten f\u00f6r dina uppgifter \u00e4r v\u00e5r prioritet"},"content":{"rendered":"<div class=\"fusion-fullwidth fullwidth-box fusion-builder-row-1 fusion-flex-container nonhundred-percent-fullwidth non-hundred-percent-height-scrolling\" style=\"--awb-border-radius-top-left:0px;--awb-border-radius-top-right:0px;--awb-border-radius-bottom-right:0px;--awb-border-radius-bottom-left:0px;--awb-flex-wrap:wrap;\" ><div class=\"fusion-builder-row fusion-row fusion-flex-align-items-flex-start fusion-flex-content-wrap\" style=\"max-width:1206.4px;margin-left: calc(-4% \/ 2 );margin-right: calc(-4% \/ 2 );\"><div class=\"fusion-layout-column fusion_builder_column fusion-builder-column-0 fusion_builder_column_1_1 1_1 fusion-flex-column\" style=\"--awb-bg-size:cover;--awb-width-large:100%;--awb-margin-top-large:0px;--awb-spacing-right-large:1.92%;--awb-margin-bottom-large:0px;--awb-spacing-left-large:1.92%;--awb-width-medium:100%;--awb-spacing-right-medium:1.92%;--awb-spacing-left-medium:1.92%;--awb-width-small:100%;--awb-spacing-right-small:1.92%;--awb-spacing-left-small:1.92%;\"><div class=\"fusion-column-wrapper fusion-flex-justify-content-flex-start fusion-content-layout-column\"><div class=\"fusion-title title fusion-title-1 fusion-sep-none fusion-title-text fusion-title-size-one\" style=\"--awb-text-color:var(--awb-color8);--awb-margin-top-small:0px;--awb-margin-right-small:0px;--awb-margin-bottom-small:20px;--awb-margin-left-small:0px;\"><h1 class=\"fusion-title-heading title-heading-left fusion-responsive-typography-calculated\" style=\"margin:0;--fontSize:60;line-height:var(--awb-typography1-line-height);\">Integritetspolicy: S\u00e4kerheten f\u00f6r dina uppgifter \u00e4r v\u00e5r prioritet<\/h1><\/div><div class=\"fusion-text fusion-text-1\" style=\"--awb-text-color:var(--awb-color8);\"><p><strong>POLICY F\u00d6R SKYDD AV PRIVATLIVET<\/strong><\/p>\n<p>1 Inledning<\/p>\n<ul>\n<li>Detta integritetsmeddelande f\u00f6rklarar hur MarketLyze ApS (&#8221;vi&#8221;, &#8221;oss&#8221;, &#8221;v\u00e5r&#8221;) behandlar personuppgifter i olika situationer. Vi tillhandah\u00e5ller dig denna information eftersom vi \u00e4r skyldiga att g\u00f6ra det enligt den allm\u00e4nna dataskyddsf\u00f6rordningen (&#8221;GDPR&#8221;). <\/li>\n<li>Nedan f\u00f6ljer beskrivningar av de olika situationer d\u00e4r vi behandlar personuppgifter:<\/li>\n<\/ul>\n<p>2 Styrenhet<\/p>\n<ul>\n<li>MarketLyze ApS agerar som personuppgiftsansvarig f\u00f6r behandlingen av personuppgifter i samband med nedan n\u00e4mnda syften.<\/li>\n<li>Du hittar v\u00e5ra kontaktuppgifter i avsnitt 8 i integritetspolicyn.<\/li>\n<\/ul>\n<p>3 Beskrivning av bearbetningen<\/p>\n<ul>\n<li>Nedan anges de specifika \u00e4ndam\u00e5len f\u00f6r v\u00e5r databehandling, de kategorier av personuppgifter som vi behandlar, den r\u00e4ttsliga grunden f\u00f6r s\u00e5dan behandling och de lagringsperioder som vi har beslutat om (i specifika situationer kan vi avvika fr\u00e5n v\u00e5ra allm\u00e4nna lagringsperioder vid t.ex. klagom\u00e5l, inv\u00e4ndningar eller andra specifika situationer).<\/li>\n<li>Behandlingsaktiviteter<\/li>\n<\/ul>\n<table width=\"860\">\n<tbody>\n<tr>\n<td width=\"215\">Syfte<\/td>\n<td width=\"215\">Kategorier<\/td>\n<td width=\"215\">R\u00e4ttslig grund<\/td>\n<td width=\"215\">Lagring<\/td>\n<\/tr>\n<tr>\n<td width=\"215\">Skapande och hantering av anv\u00e4ndarkonton p\u00e5 webbplatsen<\/td>\n<td width=\"215\">I syfte att skapa och hantera anv\u00e4ndarkonton p\u00e5 webbplatsen behandlas f\u00f6ljande kategorier av personuppgifter: namn, e-post, telefonnummer, f\u00f6delsedatum och krypterat l\u00f6senord.<\/td>\n<td width=\"215\">GDPR art. 6, punkt 1, led f, eftersom vi har ett ber\u00e4ttigat intresse av att hantera v\u00e5rt anv\u00e4ndarkontosystem.<\/td>\n<td width=\"215\">Information om anv\u00e4ndarkonton kommer att lagras i upp till 2 \u00e5r efter att en prenumeration har avslutats.<\/td>\n<\/tr>\n<tr>\n<td width=\"215\">Betalning och prenumerationsadministration<\/td>\n<td width=\"215\">F\u00f6r betalning och prenumerationsadministration behandlas f\u00f6ljande kategorier av personuppgifter: namn, e-post, telefonnummer, betalkortsuppgifter, faktureringsinformation och k\u00f6phistorik.<\/td>\n<td width=\"215\">GDPR art. 6, stycke 1, punkt b, d\u00e5 det \u00e4r n\u00f6dv\u00e4ndigt f\u00f6r att kunna fullg\u00f6ra ing\u00e5nget avtal om k\u00f6p och leverans av Tj\u00e4nsterna.<\/td>\n<td width=\"215\">Information om kunder som ing\u00e5r i v\u00e5rt bokf\u00f6ringsmaterial lagras generellt i 5 \u00e5r fr\u00e5n utg\u00e5ngen av det r\u00e4kenskaps\u00e5r som informationen avser.<\/td>\n<\/tr>\n<tr>\n<td width=\"215\">Nyhetsbrev<\/td>\n<td width=\"215\">I syfte att skicka nyhetsbrev till personer som har anm\u00e4lt sig till detta behandlar vi f\u00f6ljande kategorier av personuppgifter: Namn och e-post.<\/td>\n<td width=\"215\">GDPR art. 6, paragraf 1, punkt a, eftersom vi inh\u00e4mtar ditt samtycke till att ta emot nyhetsbrev i enlighet med den danska marknadsf\u00f6ringslagen.<\/td>\n<td width=\"215\">Personuppgifterna behandlas s\u00e5 l\u00e4nge som samtycket g\u00e4ller. Information om namn och e-post kommer att lagras i upp till 2 \u00e5r efter det senaste nyhetsbrevet, i syfte att dokumentera efterlevnaden av den danska marknadsf\u00f6ringslagen. <\/td>\n<\/tr>\n<tr>\n<td width=\"215\">Support och andra f\u00f6rfr\u00e5gningar<\/td>\n<td width=\"215\">I syfte att kunna svara p\u00e5 personer som skickar supportfr\u00e5gor eller andra f\u00f6rfr\u00e5gningar behandlar vi f\u00f6ljande kategorier av personuppgifter: Kontaktuppgifter, inklusive namn, e-post och telefonnummer. Eventuellt leverant\u00f6rsrelation och relevant information som r\u00f6r f\u00f6rfr\u00e5gan. <\/td>\n<td width=\"215\">GDPR art. 6, stycke 1, punkt f, eftersom vi anv\u00e4nder v\u00e5rt legitima intresse f\u00f6r att hantera f\u00f6rfr\u00e5gningar etc.<\/td>\n<td width=\"215\">Support- och andra f\u00f6rfr\u00e5gningar lagras i upp till 5 \u00e5r efter att f\u00f6rfr\u00e5gningen har hanterats.<\/td>\n<\/tr>\n<tr>\n<td width=\"215\">Optimering av plattformen, inklusive optimering av design, anv\u00e4ndbarhet, effektiviteten hos v\u00e5r plattform samt annonsering och marknadsf\u00f6ring (cookies)<\/td>\n<td width=\"215\">I syfte att optimera v\u00e5ra tj\u00e4nster behandlar vi f\u00f6ljande kategorier av personuppgifter, fr\u00e5n personer som har accepterat statistik- och\/eller marknadsf\u00f6ringscookies:<\/td>\n<td width=\"215\">Enligt cookief\u00f6rordningen f\u00e5r vi endast placera statistik- och\/eller marknadsf\u00f6ringscookies om vi har f\u00e5tt ditt samtycke. Vi inh\u00e4mtar samtidigt samtycke till att behandla ovan n\u00e4mnda personuppgifter, i enlighet med GDPR artikel 6, punkt 1, led a. <\/td>\n<td width=\"215\">Den information som samlas in om din anv\u00e4ndning av v\u00e5r plattform raderas i enlighet med v\u00e5r <u>cookiepolicy<\/u>.<\/td>\n<\/tr>\n<tr>\n<td width=\"215\">Marknadsf\u00f6ring genom digitala annonser (cookies)<\/td>\n<td width=\"215\">I syfte att sp\u00e5ra effektiviteten i v\u00e5ra digitala marknadsf\u00f6ringsinsatser behandlar vi f\u00f6ljande kategorier av personuppgifter n\u00e4r du accepterar marknadsf\u00f6ringscookies och klickar p\u00e5 v\u00e5ra annonser p\u00e5 olika webbplatser:<\/td>\n<td width=\"215\">Enligt cookief\u00f6rordningen f\u00e5r vi endast placera ut marknadsf\u00f6ringscookies om vi har f\u00e5tt ditt samtycke. Vi inh\u00e4mtar samtidigt samtycke till att behandla ovan n\u00e4mnda personuppgifter, i enlighet med GDPR artikel 6, punkt 1, led a. <\/td>\n<td width=\"215\">Informationen behandlas s\u00e5 l\u00e4nge som samtycket g\u00e4ller och i enlighet med v\u00e5r <u>Cookie Policy<\/u>.<\/td>\n<\/tr>\n<\/tbody>\n<\/table>\n<p>4 Kategorier av mottagare<\/p>\n<ul>\n<li>Vi l\u00e4mnar ut dina personuppgifter till v\u00e5ra relevanta dotterbolag och aff\u00e4rspartner, inklusive externa r\u00e5dgivare.<\/li>\n<li>Vi g\u00f6r ocks\u00e5 dina personuppgifter tillg\u00e4ngliga f\u00f6r v\u00e5ra personuppgiftsbitr\u00e4den som t.ex. hostar, utvecklar och st\u00f6der v\u00e5ra tj\u00e4nster.<\/li>\n<\/ul>\n<p>5 \u00d6verf\u00f6ring till tredje land<\/p>\n<ul>\n<li>Vi \u00f6verf\u00f6r dina personuppgifter till v\u00e5ra personuppgiftsbitr\u00e4den i &#8221;tredjel\u00e4nder&#8221; utanf\u00f6r Europeiska unionen.<\/li>\n<li>Om data\u00f6verf\u00f6ringarna inte kan ske p\u00e5 r\u00e4ttslig grund av ett beslut om adekvat skyddsniv\u00e5 fr\u00e5n Europeiska kommissionen, \u00e4r den r\u00e4ttsliga grunden f\u00f6r v\u00e5r \u00f6verf\u00f6ring kommissionens beslut av den 4 juni 2021 om standardavtalsklausuler f\u00f6r \u00f6verf\u00f6ring av personuppgifter till tredjel\u00e4nder i enlighet med Europaparlamentets och r\u00e5dets f\u00f6rordning (EU) 2016\/679.<\/li>\n<li>F\u00f6r personuppgiftsbitr\u00e4den i USA som deltar i EU:s och USA:s ramverk f\u00f6r dataskydd kommer \u00f6verf\u00f6ringarna att ske p\u00e5 r\u00e4ttslig grund enligt Europeiska kommissionens beslut om adekvat skyddsniv\u00e5.<\/li>\n<li>Vi anv\u00e4nder f\u00f6r n\u00e4rvarande f\u00f6ljande personuppgiftsbitr\u00e4den som behandlar personuppgifter utanf\u00f6r EU:<\/li>\n<\/ul>\n<ul>\n<li>Supabas\n<ul>\n<li>Om du vill ha ytterligare information om v\u00e5r \u00f6verf\u00f6ring av personuppgifter till tredje land, inklusive en kopia av ovan n\u00e4mnda standardavtalsklausuler, kan du g\u00f6ra en beg\u00e4ran om s\u00e5dan ytterligare information genom att kontakta oss. Du hittar v\u00e5ra kontaktuppgifter i avsnitt 8. <\/li>\n<\/ul>\n<\/li>\n<\/ul>\n<p>6 Dina r\u00e4ttigheter<\/p>\n<ul>\n<li>Som utg\u00e5ngspunkt och beroende p\u00e5 den specifika situationen har du f\u00f6ljande r\u00e4ttigheter:<\/li>\n<\/ul>\n<ul>\n<li><em>R\u00e4tt att \u00e5terkalla samtycke:<\/em> Om du har gett ditt samtycke till v\u00e5r behandling av dina personuppgifter har du r\u00e4tt att n\u00e4r som helst \u00e5terkalla ditt samtycke. Du kan \u00e5terkalla ditt samtycke genom att kontakta oss (se kontaktuppgifter i avsnitt 8 nedan). Om du \u00e5terkallar ditt samtycke kommer \u00e5terkallandet inte att p\u00e5verka lagligheten av den behandling som redan har utf\u00f6rts baserat p\u00e5 ditt samtycke.  <\/li>\n<li><em>R\u00e4tt till tillg\u00e5ng<\/em>: Du har r\u00e4tt att f\u00e5 bekr\u00e4ftat om insamling eller behandling av dina personuppgifter har \u00e4gt rum och, om s\u00e5 \u00e4r fallet, har du r\u00e4tt att beg\u00e4ra en kopia av dina personuppgifter i ett digitalt format.<\/li>\n<li><em>R\u00e4tt till r\u00e4ttelse<\/em>: Du har r\u00e4tt att kr\u00e4va att vi r\u00e4ttar felaktiga personuppgifter och att vi kompletterar ofullst\u00e4ndiga personuppgifter.<\/li>\n<li>R\u00e4tt till <em>radering<\/em>: Under vissa omst\u00e4ndigheter har du r\u00e4tt att beg\u00e4ra att vi raderar personuppgifter som r\u00f6r dig, till exempel om de inte l\u00e4ngre \u00e4r n\u00f6dv\u00e4ndiga f\u00f6r de \u00e4ndam\u00e5l f\u00f6r vilka de ursprungligen samlades in.<\/li>\n<li><em>R\u00e4tt att begr\u00e4nsa behandlingen<\/em>: Under vissa omst\u00e4ndigheter har du r\u00e4tt att beg\u00e4ra att vi begr\u00e4nsar behandlingen av dina personuppgifter, t.ex. om du anser att personuppgifterna inte \u00e4r korrekta eller lagligt behandlade.<\/li>\n<li><em>R\u00e4tt att inv\u00e4nda mot behandlingen<\/em>: Under vissa omst\u00e4ndigheter har du r\u00e4tt att beg\u00e4ra att vi upph\u00f6r med behandlingen av dina personuppgifter.<\/li>\n<li><em>R\u00e4tt till dataportabilitet<\/em>: Under vissa omst\u00e4ndigheter har du r\u00e4tt att f\u00e5 de personuppgifter som du har l\u00e4mnat till oss i ett strukturerat, allm\u00e4nt anv\u00e4nt och maskinl\u00e4sbart format och r\u00e4tt att f\u00e5 oss att \u00f6verf\u00f6ra uppgifterna till en annan enhet, om det \u00e4r tekniskt m\u00f6jligt.<\/li>\n<\/ul>\n<ul>\n<li>Du kan l\u00e4sa mer om dina r\u00e4ttigheter i Datainspektionens riktlinjer om registrerades r\u00e4ttigheter, som finns tillg\u00e4ngliga p\u00e5 <a href=\"https:\/\/www.datatilsynet.dk\/borger\/hvad-er-dine-rettigheder\">https:\/\/www.datatilsynet.dk\/borger\/hvad-er-dine-rettigheder<\/a> (p\u00e5 danska) och p\u00e5 <a href=\"https:\/\/www.datatilsynet.dk\/english\/fundamental-concepts-\/-what-are-your-obligations\/rights-of-the-data-subjects\">https:\/\/www.datatilsynet.dk\/english\/fundamental-concepts-\/-what-are-your-obligations\/rights-of-the-data-subjects<\/a> (p\u00e5 engelska).<\/li>\n<li>V\u00e4nligen kontakta oss om du vill ut\u00f6va n\u00e5gon av dina r\u00e4ttigheter. V\u00e5r <a href=\"#bookmark=id.30j0zll\">information<\/a> framg\u00e5r av avsnitt 8 i Integritetspolicyn. <\/li>\n<\/ul>\n<p>7 Klagom\u00e5l till en tillsynsmyndighet<\/p>\n<ul>\n<li>Om du vill l\u00e4mna in ett klagom\u00e5l till en tillsynsmyndighet ang\u00e5ende v\u00e5r behandling av dina personuppgifter kan du g\u00f6ra det genom att kontakta den danska dataskyddsmyndigheten via deras webbplats, <a href=\"http:\/\/www.datatilsynet.dk\">datatilsynet.dk.<\/a><\/li>\n<\/ul>\n<p>8 Kontaktuppgifter<\/p>\n<ul>\n<li>Om du har n\u00e5gra fr\u00e5gor om hur vi behandlar personuppgifter, v\u00e4nligen kontakta oss h\u00e4r:<\/li>\n<\/ul>\n<p>MarketLyze ApS<\/p>\n<p>CVR-nr 44203391<\/p>\n<p>Digevej 42<\/p>\n<p>2300 K\u00f6penhamn S<\/p>\n<p>GDPR@hortizon.finance<\/p>\n<p>Vi snakkede om i founder gruppen af den her nok ikke er relevant i starten.<\/p>\n<p>Not till Horizon: Henvis till cookie policy.<\/p>\n<p>Notera till Horizon: Jag ska anpassa vilka uppgifter som samlas in n\u00e4r folk klickar p\u00e5 era annonser p\u00e5 andra webbsidor\/tj\u00e4nster. Det \u00e4r kanske det enklaste att titta p\u00e5, n\u00e4r cookiebot har analyserat era cookies. <\/p>\n<p>Not till Horizon: Henvis till cookie policy.<\/p>\n<\/div><\/div><\/div><\/div><\/div>\n","protected":false},"excerpt":{"rendered":"","protected":false},"author":1,"featured_media":0,"parent":0,"menu_order":0,"comment_status":"closed","ping_status":"closed","template":"100-width.php","meta":{"_monsterinsights_skip_tracking":false,"_monsterinsights_sitenote_active":false,"_monsterinsights_sitenote_note":"","_monsterinsights_sitenote_category":0,"footnotes":""},"class_list":["post-3799","page","type-page","status-publish","hentry"],"aioseo_notices":[],"_links":{"self":[{"href":"https:\/\/horizon.finance\/sv\/wp-json\/wp\/v2\/pages\/3799","targetHints":{"allow":["GET"]}}],"collection":[{"href":"https:\/\/horizon.finance\/sv\/wp-json\/wp\/v2\/pages"}],"about":[{"href":"https:\/\/horizon.finance\/sv\/wp-json\/wp\/v2\/types\/page"}],"author":[{"embeddable":true,"href":"https:\/\/horizon.finance\/sv\/wp-json\/wp\/v2\/users\/1"}],"replies":[{"embeddable":true,"href":"https:\/\/horizon.finance\/sv\/wp-json\/wp\/v2\/comments?post=3799"}],"version-history":[{"count":7,"href":"https:\/\/horizon.finance\/sv\/wp-json\/wp\/v2\/pages\/3799\/revisions"}],"predecessor-version":[{"id":3813,"href":"https:\/\/horizon.finance\/sv\/wp-json\/wp\/v2\/pages\/3799\/revisions\/3813"}],"wp:attachment":[{"href":"https:\/\/horizon.finance\/sv\/wp-json\/wp\/v2\/media?parent=3799"}],"curies":[{"name":"wp","href":"https:\/\/api.w.org\/{rel}","templated":true}]}}